{"id":223,"date":"2020-01-14T17:56:28","date_gmt":"2020-01-14T17:56:28","guid":{"rendered":"http:\/\/webredox.net\/demo\/wp\/xen\/?page_id=223"},"modified":"2023-12-21T15:43:44","modified_gmt":"2023-12-21T14:43:44","slug":"contact","status":"publish","type":"page","link":"https:\/\/labelpub.ma\/index.php\/contact\/","title":{"rendered":"Contact"},"content":{"rendered":"<section class=\"wpb-content-wrapper\">[vc_row enable_full_height_sec=&#8221;st2&#8243; section_back_opt=&#8221;dark-bg-1&#8243; sec_text_color_opt=&#8221;text-color-4&#8243; row_padding_top=&#8221;top-padding-20&#8243; row_padding_bottom=&#8221;bottom-padding-20&#8243;][vc_column][vc_row_inner][vc_column_inner]<div data-animation-container  class=\"bottom-padding-30 text-center\"><h2 data-animation-child class=\"xen-sec-title-class large-title text-height-10 red-color overlay-anim-box2\" data-animation=\"overlay-anim2\">Contact us<\/h2><br><\/div><div data-animation-container><div data-animation-child class=\"p-style-bold text-color-5 text-center xen-textblock pull-left fade-anim-box tr-delay02\" data-animation=\"fade-anim\">Une id\u00e9e dans l&#8217;esprit ou bien une question? N&#8217;h\u00e9sitez pas \u00e0 nous contacter! Nous somme pr\u00eats \u00e0 r\u00e9pondre \u00e0 toutes vos questions et rentrer dans une discussion d\u00e9taill\u00e9e concernant votre projet<\/div><\/div>[vc_empty_space height=&#8221;90px&#8221;][\/vc_column_inner][\/vc_row_inner][vc_row_inner][vc_column_inner width=&#8221;1\/3&#8243;][wr_vc_titleani2s text_align=&#8221;text-left&#8221; text_color=&#8221;text-color-4&#8243; padding_bottom=&#8221;bottom-padding-0&#8243; sub_title=&#8221;Email us&#8221;][\/wr_vc_titleani2s]<div class=\"text-left\" data-animation-container ><h6 data-animation-child class=\"flip-btn-box fade-anim-box tr-delay04\" data-animation=\"fade-anim\"><a href=\"mailto:contact@labelpub.ma\" class=\"flip-btn pointer-large\" data-text=\"contact@labelpub.ma\">contact@labelpub.ma<\/a><\/h6><\/div>[\/vc_column_inner][vc_column_inner width=&#8221;1\/3&#8243;][wr_vc_titleani2s text_align=&#8221;text-left&#8221; text_color=&#8221;text-color-4&#8243; padding_bottom=&#8221;bottom-padding-0&#8243; sub_title=&#8221;Visit us&#8221;][\/wr_vc_titleani2s]<div class=\"text-left\" data-animation-container ><h6 data-animation-child class=\"flip-btn-box fade-anim-box tr-delay04\" data-animation=\"fade-anim\"><a href=\"https:\/\/maps.app.goo.gl\/Hm5Q7jZFZ56C96Uc7\" target=\"_self\" rel=\"noopener noreferrer\"class=\"flip-btn pointer-large\" data-text=\"Google maps\">Google maps<\/a><\/h6><\/div>[\/vc_column_inner][vc_column_inner width=&#8221;1\/3&#8243;][wr_vc_titleani2s text_align=&#8221;text-left&#8221; text_color=&#8221;text-color-4&#8243; padding_bottom=&#8221;bottom-padding-0&#8243; sub_title=&#8221;Call us&#8221;][\/wr_vc_titleani2s]<div class=\"text-left\" data-animation-container ><h6 data-animation-child class=\"flip-btn-box fade-anim-box tr-delay04\" data-animation=\"fade-anim\"><a href=\"+212 530 033 388\" target=\"_self\" rel=\"noopener noreferrer\"class=\"flip-btn pointer-large\" data-text=\"+212 530 033 388\">+212 530 033 388<\/a><\/h6><\/div>[\/vc_column_inner][\/vc_row_inner][\/vc_column][\/vc_row][vc_row row_type=&#8221;sec2&#8243; xen_background_image=&#8221;226&#8243; enable_container_back_img=&#8221;st4&#8243; sec_text_color_opt=&#8221;text-color-4&#8243;][vc_column]<h4 class=\"small-title-oswald text-color-4 text-center bottom-padding-60\">Lets Get In Touch!<\/h4>\n<div class=\"wpcf7 no-js\" id=\"wpcf7-f6-o1\" lang=\"en-US\" dir=\"ltr\">\n<div class=\"screen-reader-response\"><p role=\"status\" aria-live=\"polite\" aria-atomic=\"true\"><\/p> <ul><\/ul><\/div>\n<form action=\"\/index.php\/wp-json\/wp\/v2\/pages\/223#wpcf7-f6-o1\" method=\"post\" class=\"wpcf7-form init\" aria-label=\"Contact form\" novalidate=\"novalidate\" data-status=\"init\">\n<div style=\"display: none;\">\n<input type=\"hidden\" name=\"_wpcf7\" value=\"6\" \/>\n<input type=\"hidden\" name=\"_wpcf7_version\" value=\"5.8.3\" \/>\n<input type=\"hidden\" name=\"_wpcf7_locale\" value=\"en_US\" \/>\n<input type=\"hidden\" name=\"_wpcf7_unit_tag\" value=\"wpcf7-f6-o1\" \/>\n<input type=\"hidden\" name=\"_wpcf7_container_post\" value=\"0\" \/>\n<input type=\"hidden\" name=\"_wpcf7_posted_data_hash\" value=\"\" \/>\n<\/div>\n<div class=\"vc_row\">\n\t<div class=\"vc_col-sm-4\">\n\t\t<div class=\"vc_column-inner\">\n\t\t\t<p><span class=\"wpcf7-form-control-wrap\" data-name=\"your-name\"><input size=\"40\" class=\"wpcf7-form-control wpcf7-text wpcf7-validates-as-required\" aria-required=\"true\" aria-invalid=\"false\" placeholder=\"Enter your name\" value=\"\" type=\"text\" name=\"your-name\" \/><\/span>\n\t\t\t<\/p>\n\t\t<\/div>\n\t<\/div>\n\t<div class=\"vc_col-sm-4\">\n\t\t<div class=\"vc_column-inner\">\n\t\t\t<p><span class=\"wpcf7-form-control-wrap\" data-name=\"your-email\"><input size=\"40\" class=\"wpcf7-form-control wpcf7-email wpcf7-validates-as-required wpcf7-text wpcf7-validates-as-email\" aria-required=\"true\" aria-invalid=\"false\" placeholder=\"Enter your email address\" value=\"\" type=\"email\" name=\"your-email\" \/><\/span>\n\t\t\t<\/p>\n\t\t<\/div>\n\t<\/div>\n\t<div class=\"vc_col-sm-4\">\n\t\t<div class=\"vc_column-inner\">\n\t\t\t<p><span class=\"wpcf7-form-control-wrap\" data-name=\"your-subject\"><input size=\"40\" class=\"wpcf7-form-control wpcf7-text\" aria-invalid=\"false\" placeholder=\"Enter Your Subject\" value=\"\" type=\"text\" name=\"your-subject\" \/><\/span>\n\t\t\t<\/p>\n\t\t<\/div>\n\t<\/div>\n<\/div>\n<p><span class=\"wpcf7-form-control-wrap\" data-name=\"your-message\"><textarea cols=\"40\" rows=\"10\" class=\"wpcf7-form-control wpcf7-textarea\" aria-invalid=\"false\" placeholder=\"Enter your message\" name=\"your-message\"><\/textarea><\/span>\n<\/p>\n<div class=\"twelve-columns text-center top-padding-90\"><button class=\"border-btn-box pointer-large wpcf7-form-control has-spinner wpcf7-submit\"><span class=\"border-btn-inner\"><span class=\"border-btn\" data-text=\"Submit\">Submit<\/span><\/span><\/button><\/div><div class=\"wpcf7-response-output\" aria-hidden=\"true\"><\/div>\n<\/form>\n<\/div>\n[\/vc_column][\/vc_row]\n<\/section>","protected":false},"excerpt":{"rendered":"<p>[vc_row enable_full_height_sec=&#8221;st2&#8243; section_back_opt=&#8221;dark-bg-1&#8243; sec_text_color_opt=&#8221;text-color-4&#8243; row_padding_top=&#8221;top-padding-20&#8243; row_padding_bottom=&#8221;bottom-padding-20&#8243;][vc_column][vc_row_inner][vc_column_inner][vc_empty_space height=&#8221;90px&#8221;][\/vc_column_inner][\/vc_row_inner][vc_row_inner][vc_column_inner width=&#8221;1\/3&#8243;][wr_vc_titleani2s text_align=&#8221;text-left&#8221; text_color=&#8221;text-color-4&#8243; padding_bottom=&#8221;bottom-padding-0&#8243; sub_title=&#8221;Email us&#8221;][\/wr_vc_titleani2s][\/vc_column_inner][vc_column_inner width=&#8221;1\/3&#8243;][wr_vc_titleani2s text_align=&#8221;text-left&#8221; text_color=&#8221;text-color-4&#8243; padding_bottom=&#8221;bottom-padding-0&#8243; sub_title=&#8221;Visit us&#8221;][\/wr_vc_titleani2s][\/vc_column_inner][vc_column_inner width=&#8221;1\/3&#8243;][wr_vc_titleani2s text_align=&#8221;text-left&#8221; text_color=&#8221;text-color-4&#8243;&#8230;<\/p>\n","protected":false},"author":1,"featured_media":872,"parent":0,"menu_order":0,"comment_status":"closed","ping_status":"closed","template":"","meta":{"footnotes":""},"_links":{"self":[{"href":"https:\/\/labelpub.ma\/index.php\/wp-json\/wp\/v2\/pages\/223"}],"collection":[{"href":"https:\/\/labelpub.ma\/index.php\/wp-json\/wp\/v2\/pages"}],"about":[{"href":"https:\/\/labelpub.ma\/index.php\/wp-json\/wp\/v2\/types\/page"}],"author":[{"embeddable":true,"href":"https:\/\/labelpub.ma\/index.php\/wp-json\/wp\/v2\/users\/1"}],"replies":[{"embeddable":true,"href":"https:\/\/labelpub.ma\/index.php\/wp-json\/wp\/v2\/comments?post=223"}],"version-history":[{"count":14,"href":"https:\/\/labelpub.ma\/index.php\/wp-json\/wp\/v2\/pages\/223\/revisions"}],"predecessor-version":[{"id":924,"href":"https:\/\/labelpub.ma\/index.php\/wp-json\/wp\/v2\/pages\/223\/revisions\/924"}],"wp:featuredmedia":[{"embeddable":true,"href":"https:\/\/labelpub.ma\/index.php\/wp-json\/wp\/v2\/media\/872"}],"wp:attachment":[{"href":"https:\/\/labelpub.ma\/index.php\/wp-json\/wp\/v2\/media?parent=223"}],"curies":[{"name":"wp","href":"https:\/\/api.w.org\/{rel}","templated":true}]}}